{"id":114,"date":"2019-10-30T12:31:56","date_gmt":"2019-10-30T11:31:56","guid":{"rendered":"https:\/\/faber-solartechnik.eu\/?page_id=114"},"modified":"2026-03-01T01:33:39","modified_gmt":"2026-03-01T00:33:39","slug":"impressum","status":"publish","type":"page","link":"https:\/\/faber-solartechnik.de\/en\/impressum\/","title":{"rendered":"Imprint"},"content":{"rendered":"<div data-elementor-type=\"wp-page\" data-elementor-id=\"114\" class=\"elementor elementor-114\" data-elementor-post-type=\"page\">\n\t\t\t\t\t\t<section class=\"elementor-section elementor-top-section elementor-element elementor-element-8c32fe1 anfrageform elementor-section-boxed elementor-section-height-default elementor-section-height-default\" data-id=\"8c32fe1\" data-element_type=\"section\" data-e-type=\"section\" data-settings=\"{&quot;background_background&quot;:&quot;classic&quot;}\">\n\t\t\t\t\t\t\t<div class=\"elementor-background-overlay\"><\/div>\n\t\t\t\t\t\t\t<div class=\"elementor-container elementor-column-gap-default\">\n\t\t\t\t\t<div class=\"elementor-column elementor-col-100 elementor-top-column elementor-element elementor-element-6bdd7b1\" data-id=\"6bdd7b1\" data-element_type=\"column\" data-e-type=\"column\">\n\t\t\t<div class=\"elementor-widget-wrap elementor-element-populated\">\n\t\t\t\t\t\t<div class=\"elementor-element elementor-element-a25e948 animated-slow elementor-invisible elementor-widget elementor-widget-heading\" data-id=\"a25e948\" data-element_type=\"widget\" data-e-type=\"widget\" data-settings=\"{&quot;_animation&quot;:&quot;fadeInDown&quot;}\" data-widget_type=\"heading.default\">\n\t\t\t\t<div class=\"elementor-widget-container\">\n\t\t\t\t\t<h1 class=\"elementor-heading-title elementor-size-default\">Imprint<\/h1>\t\t\t\t<\/div>\n\t\t\t\t<\/div>\n\t\t\t\t\t<\/div>\n\t\t<\/div>\n\t\t\t\t\t<\/div>\n\t\t<\/section>\n\t\t<div class=\"elementor-element elementor-element-967c608 e-flex e-con-boxed e-con e-parent\" data-id=\"967c608\" data-element_type=\"container\" data-e-type=\"container\">\n\t\t\t\t\t<div class=\"e-con-inner\">\n\t\t<div class=\"elementor-element elementor-element-c83012b e-con-full e-flex e-con e-child\" data-id=\"c83012b\" data-element_type=\"container\" data-e-type=\"container\">\n\t\t\t\t<div class=\"elementor-element elementor-element-26880fc elementor-widget elementor-widget-text-editor\" data-id=\"26880fc\" data-element_type=\"widget\" data-e-type=\"widget\" data-widget_type=\"text-editor.default\">\n\t\t\t\t<div class=\"elementor-widget-container\">\n\t\t\t\t\t\t\t\t\t<p><b>Information according to \u00a7 5 TMG:<br \/><\/b>Faber Solar Technology GmbH<br \/>Bachstrasse 21<br \/>32257 B\u00fcnde<\/p><div><b>Represented by:<br \/><\/b>Hermann Kromm (GF)\u00a0<\/div><div>\u00a0<\/div><p><b>Contact:<br \/><\/b>Phone. +49 (0) 5223 . 65708 00 <br \/>Telefax. +49 (0) 5223 . 4926 171<br \/>E-mail. info@faber-solartechnik.de<\/p>\t\t\t\t\t\t\t\t<\/div>\n\t\t\t\t<\/div>\n\t\t\t\t<\/div>\n\t\t<div class=\"elementor-element elementor-element-22f6dc1 e-con-full e-flex e-con e-child\" data-id=\"22f6dc1\" data-element_type=\"container\" data-e-type=\"container\">\n\t\t\t\t<div class=\"elementor-element elementor-element-9397457 elementor-widget elementor-widget-text-editor\" data-id=\"9397457\" data-element_type=\"widget\" data-e-type=\"widget\" data-widget_type=\"text-editor.default\">\n\t\t\t\t<div class=\"elementor-widget-container\">\n\t\t\t\t\t\t\t\t\t<p><span style=\"font-size: 1rem;\"><b>Register entry:<br \/><\/b><\/span><span style=\"font-size: 1rem;\">Bad Oeynhausen Local Court HRB 16002<br \/><\/span><span style=\"font-size: 1rem;\">B\u00fcnde tax office<br \/><\/span><\/p><p><b>Sales tax identification number<br \/><\/b>in accordance with \u00a727 a of the Value Added Tax Act:<br \/>VAT ID - DE318838127<br \/>Tax no. 310\/5724\/1550<\/p><p><strong>Responsible for the content according to \u00a7 55 Abs. 2 RStV:<br \/><\/strong>Hermann Kromm<br \/>Bachstra\u00dfe 21, 32257 B\u00fcnde<\/p>\t\t\t\t\t\t\t\t<\/div>\n\t\t\t\t<\/div>\n\t\t\t\t<\/div>\n\t\t\t\t\t<\/div>\n\t\t\t\t<\/div>\n\t\t<div class=\"elementor-element elementor-element-27d810f e-flex e-con-boxed e-con e-parent\" data-id=\"27d810f\" data-element_type=\"container\" data-e-type=\"container\" data-settings=\"{&quot;background_background&quot;:&quot;classic&quot;}\">\n\t\t\t\t\t<div class=\"e-con-inner\">\n\t\t<div class=\"elementor-element elementor-element-3aadac76 e-con-full e-flex e-con e-child\" data-id=\"3aadac76\" data-element_type=\"container\" data-e-type=\"container\">\n\t\t\t\t<div class=\"elementor-element elementor-element-586965ab elementor-widget elementor-widget-heading\" data-id=\"586965ab\" data-element_type=\"widget\" data-e-type=\"widget\" data-widget_type=\"heading.default\">\n\t\t\t\t<div class=\"elementor-widget-container\">\n\t\t\t\t\t<h2 class=\"elementor-heading-title elementor-size-default\">Dispute resolution<\/h2>\t\t\t\t<\/div>\n\t\t\t\t<\/div>\n\t\t\t\t<div class=\"elementor-element elementor-element-35061522 elementor-widget elementor-widget-text-editor\" data-id=\"35061522\" data-element_type=\"widget\" data-e-type=\"widget\" data-widget_type=\"text-editor.default\">\n\t\t\t\t<div class=\"elementor-widget-container\">\n\t\t\t\t\t\t\t\t\t<p>The European Commission provides a platform for online dispute resolution (OS):<a href=\"https:\/\/consumer-redress.ec.europa.eu\/index_de\" target=\"_blank\" rel=\"noopener\">\u00a0https:\/\/consumer-redress.ec.europa.eu\/index_dehttps:\/\/ec.europa.eu\/consumers\/odr<\/a>.<br \/>You can find our e-mail address in the legal notice above.<\/p>\t\t\t\t\t\t\t\t<\/div>\n\t\t\t\t<\/div>\n\t\t\t\t<div class=\"elementor-element elementor-element-427fdab4 elementor-widget elementor-widget-spacer\" data-id=\"427fdab4\" data-element_type=\"widget\" data-e-type=\"widget\" data-widget_type=\"spacer.default\">\n\t\t\t\t<div class=\"elementor-widget-container\">\n\t\t\t\t\t\t\t<div class=\"elementor-spacer\">\n\t\t\t<div class=\"elementor-spacer-inner\"><\/div>\n\t\t<\/div>\n\t\t\t\t\t\t<\/div>\n\t\t\t\t<\/div>\n\t\t\t\t<div class=\"elementor-element elementor-element-7d93938a elementor-widget elementor-widget-heading\" data-id=\"7d93938a\" data-element_type=\"widget\" data-e-type=\"widget\" data-widget_type=\"heading.default\">\n\t\t\t\t<div class=\"elementor-widget-container\">\n\t\t\t\t\t<h3 class=\"elementor-heading-title elementor-size-default\">Disclaimer<\/h3>\t\t\t\t<\/div>\n\t\t\t\t<\/div>\n\t\t\t\t<div class=\"elementor-element elementor-element-16a9f1c4 elementor-widget elementor-widget-text-editor\" data-id=\"16a9f1c4\" data-element_type=\"widget\" data-e-type=\"widget\" data-widget_type=\"text-editor.default\">\n\t\t\t\t<div class=\"elementor-widget-container\">\n\t\t\t\t\t\t\t\t\t<p>The documents, samples and templates contained in our GDPR knowledge pack were created by the authors based on the currently available literature. They serve as an initial assessment of potential problems within the General Data Protection Regulation (GDPR). It should be noted that many of the problems dealt with here have not yet been conclusively clarified, in particular by supreme court judgements, and in some cases no statements have yet been issued by the state data protection authorities, which is why different opinions are held on some points. The authors therefore accept no liability for the correctness and completeness of this document. In particular, it should be noted that each case must be examined separately and does not replace individual legal advice.<\/p>\t\t\t\t\t\t\t\t<\/div>\n\t\t\t\t<\/div>\n\t\t\t\t<div class=\"elementor-element elementor-element-26926db6 elementor-widget elementor-widget-spacer\" data-id=\"26926db6\" data-element_type=\"widget\" data-e-type=\"widget\" data-widget_type=\"spacer.default\">\n\t\t\t\t<div class=\"elementor-widget-container\">\n\t\t\t\t\t\t\t<div class=\"elementor-spacer\">\n\t\t\t<div class=\"elementor-spacer-inner\"><\/div>\n\t\t<\/div>\n\t\t\t\t\t\t<\/div>\n\t\t\t\t<\/div>\n\t\t\t\t<div class=\"elementor-element elementor-element-1bb6968e elementor-widget elementor-widget-heading\" data-id=\"1bb6968e\" data-element_type=\"widget\" data-e-type=\"widget\" data-widget_type=\"heading.default\">\n\t\t\t\t<div class=\"elementor-widget-container\">\n\t\t\t\t\t<h3 class=\"elementor-heading-title elementor-size-default\">Picture credits<\/h3>\t\t\t\t<\/div>\n\t\t\t\t<\/div>\n\t\t\t\t<div class=\"elementor-element elementor-element-6d015cf0 elementor-widget elementor-widget-text-editor\" data-id=\"6d015cf0\" data-element_type=\"widget\" data-e-type=\"widget\" data-widget_type=\"text-editor.default\">\n\t\t\t\t<div class=\"elementor-widget-container\">\n\t\t\t\t\t\t\t\t\t<p><a href=\"https:\/\/de.freepik.com\/fotos-vektoren-kostenlos\/hintergrund\" target=\"_blank\" rel=\"noopener nofollow\">Background vector created by rawpixel.com - en.freepik.com<\/a> <a href=\"https:\/\/de.123rf.com\/profile_artjazz\" rel=\"nofollow noopener\" target=\"_blank\">artjazz<\/a> <a href=\"https:\/\/de.123rf.com\/profile_angelha\" rel=\"nofollow noopener\" target=\"_blank\">angelha<\/a> <a title=\"spain icons\" href=\"https:\/\/www.flaticon.com\/free-icons\/spain\" rel=\"nofollow noopener\" target=\"_blank\">Spain icons created by iconset.co - Flaticon<\/a> <a title=\"france icons\" href=\"https:\/\/www.flaticon.com\/free-icons\/france\" rel=\"nofollow noopener\" target=\"_blank\">France icons created by IYAHICON - Flaticon<\/a> <a title=\"netherlands icons\" href=\"https:\/\/www.flaticon.com\/free-icons\/netherlands\" rel=\"nofollow noopener\" target=\"_blank\">Netherlands icons created by Xinh Studio - Flaticon<\/a> <a title=\"headset icons\" href=\"https:\/\/www.flaticon.com\/free-icons\/headset\" rel=\"nofollow noopener\" target=\"_blank\">Headset icons created by Kiranshastry - Flaticon<\/a> <a title=\"online support icons\" href=\"https:\/\/www.flaticon.com\/free-icons\/online-support\" rel=\"nofollow noopener\" target=\"_blank\">Online support icons created by Freepik - Flaticon<\/a> <a title=\"germany icons\" href=\"https:\/\/www.flaticon.com\/free-icons\/germany\" rel=\"nofollow noopener\" target=\"_blank\">Germany icons created by Freepik - Flaticon<\/a> <a title=\"customer service icons\" href=\"https:\/\/www.flaticon.com\/free-icons\/customer-service\" rel=\"nofollow noopener\" target=\"_blank\">Customer service icons created by Eucalyp - Flaticon<\/a> <a title=\"customer service icons\" href=\"https:\/\/www.flaticon.com\/free-icons\/customer-service\" rel=\"nofollow noopener\" target=\"_blank\">Customer service icons created by Freepik - Flaticon<\/a> <a title=\"phone icons\" href=\"https:\/\/www.flaticon.com\/free-icons\/phone\" rel=\"nofollow noopener\" target=\"_blank\">Phone icons created by Freepik - Flaticon<\/a> <a title=\"electricity icons\" href=\"https:\/\/www.flaticon.com\/free-icons\/electricity\" rel=\"nofollow noopener\" target=\"_blank\">Electricity icons created by Freepik - Flaticon<\/a> <a title=\"parking icons\" href=\"https:\/\/www.flaticon.com\/free-icons\/parking\" rel=\"nofollow noopener\" target=\"_blank\">Parking icons created by edt.im - Flaticon<\/a> <a title=\"ventilation icons\" href=\"https:\/\/www.flaticon.com\/free-icons\/ventilation\" rel=\"nofollow noopener\" target=\"_blank\">Ventilation icons created by Kida - Flaticon<\/a> <a title=\"remote icons\" href=\"https:\/\/www.flaticon.com\/free-icons\/remote\" rel=\"nofollow noopener\" target=\"_blank\">Remote icons created by Sir.Vector - Flaticon<\/a> <a title=\"submission icons\" href=\"https:\/\/www.flaticon.com\/free-icons\/submission\" rel=\"nofollow noopener\" target=\"_blank\">Submission icons created by cah nggunung - Flaticon<\/a> <a title=\"anm31 icons\" href=\"https:\/\/www.flaticon.com\/free-icons\/anm31\" rel=\"nofollow noopener\" target=\"_blank\">Anm31 icons created by Nsit - Flaticon<\/a> <a title=\"transformer icons\" href=\"https:\/\/www.flaticon.com\/free-icons\/transformer\" rel=\"nofollow noopener\" target=\"_blank\">Transformer icons created by yunaspandusatria - Flaticon<\/a> <a href=\"https:\/\/www.freepik.com\/free-psd\/half-side-view-box-truck-isolated-background_50435083.htm#fromView=search&amp;page=1&amp;position=5&amp;uuid=dcaeaa7b-b499-4778-b264-567d1806ed1e\" rel=\"nofollow noopener\" target=\"_blank\">Image by vector_corp on Freepik<\/a> Image by <a href=\"https:\/\/pixabay.com\/users\/dewdrop157-1559210\/?utm_source=link-attribution&amp;utm_medium=referral&amp;utm_campaign=image&amp;utm_content=2407264\" rel=\"nofollow noopener\" target=\"_blank\">dewdrop157<\/a> from <a href=\"https:\/\/pixabay.com\/\/?utm_source=link-attribution&amp;utm_medium=referral&amp;utm_campaign=image&amp;utm_content=2407264\" rel=\"nofollow noopener\" target=\"_blank\">Pixabay<\/a> Image by <a href=\"https:\/\/pixabay.com\/users\/maxmann-665103\/?utm_source=link-attribution&amp;utm_medium=referral&amp;utm_campaign=image&amp;utm_content=1055063\" rel=\"nofollow noopener\" target=\"_blank\">Th G<\/a> from <a href=\"https:\/\/pixabay.com\/\/?utm_source=link-attribution&amp;utm_medium=referral&amp;utm_campaign=image&amp;utm_content=1055063\" rel=\"nofollow noopener\" target=\"_blank\">Pixabay<\/a> Image by <a href=\"https:\/\/pixabay.com\/users\/hamonazaryan1-5589371\/?utm_source=link-attribution&amp;utm_medium=referral&amp;utm_campaign=image&amp;utm_content=2386034\" rel=\"nofollow noopener\" target=\"_blank\">hamonazaryan1<\/a> from <a href=\"https:\/\/pixabay.com\/\/?utm_source=link-attribution&amp;utm_medium=referral&amp;utm_campaign=image&amp;utm_content=2386034\" rel=\"nofollow noopener\" target=\"_blank\">Pixabay<\/a> Image by <a href=\"https:\/\/pixabay.com\/users\/u_390ap8znhu-37678700\/?utm_source=link-attribution&amp;utm_medium=referral&amp;utm_campaign=image&amp;utm_content=8080878\" rel=\"nofollow noopener\" target=\"_blank\">u_390ap8znhu<\/a> from <a href=\"https:\/\/pixabay.com\/\/?utm_source=link-attribution&amp;utm_medium=referral&amp;utm_campaign=image&amp;utm_content=8080878\" rel=\"nofollow noopener\" target=\"_blank\">Pixabay<\/a> <a href=\"https:\/\/www.freepik.com\/free-video\/man-getting-off-electric-car_2796012#fromView=search&amp;page=1&amp;position=11&amp;uuid=861dbb00-4a09-464b-899e-b2c32abbfe95\" rel=\"nofollow noopener\" target=\"_blank\">Video by freepik<\/a> <a href=\"https:\/\/www.freepik.com\/free-video\/young-woman-getting-off-car_2798852#fromView=search&amp;page=1&amp;position=0&amp;uuid=861dbb00-4a09-464b-899e-b2c32abbfe95\" rel=\"nofollow noopener\" target=\"_blank\">Video by freepik<\/a> <a href=\"https:\/\/www.freepik.com\/free-video\/streaming-digital-light-streaks_179140#fromView=search&amp;page=2&amp;position=8&amp;uuid=3664d50a-47c0-489e-9ba9-0135ee8efd4c\" rel=\"nofollow noopener\" target=\"_blank\">Video by freepik<\/a> <a href=\"https:\/\/www.freepik.com\/free-video\/black-car-outdoors_2789146#fromView=search&amp;page=2&amp;position=30&amp;uuid=3664d50a-47c0-489e-9ba9-0135ee8efd4c\" rel=\"nofollow noopener\" target=\"_blank\">Video by freepik<\/a> Video by <a href=\"https:\/\/pixabay.com\/users\/wollschu-5915953\/?utm_source=link-attribution&amp;utm_medium=referral&amp;utm_campaign=video&amp;utm_content=166822\" rel=\"nofollow noopener\" target=\"_blank\">woollen shoe<\/a> from <a href=\"https:\/\/pixabay.com\/\/?utm_source=link-attribution&amp;utm_medium=referral&amp;utm_campaign=video&amp;utm_content=166822\" rel=\"nofollow noopener\" target=\"_blank\">Pixabay<\/a> Video by <a href=\"https:\/\/pixabay.com\/users\/findingfootage-2049862\/?utm_source=link-attribution&amp;utm_medium=referral&amp;utm_campaign=video&amp;utm_content=2151\" rel=\"nofollow noopener\" target=\"_blank\">FindingFootage<\/a> from <a href=\"https:\/\/pixabay.com\/\/?utm_source=link-attribution&amp;utm_medium=referral&amp;utm_campaign=video&amp;utm_content=2151\" rel=\"nofollow noopener\" target=\"_blank\">Pixabay<\/a> Video by <a href=\"https:\/\/pixabay.com\/users\/uwe_jelting-3562285\/?utm_source=link-attribution&amp;utm_medium=referral&amp;utm_campaign=video&amp;utm_content=6327\" rel=\"nofollow noopener\" target=\"_blank\">Uwe Jelting<\/a> from <a href=\"https:\/\/pixabay.com\/\/?utm_source=link-attribution&amp;utm_medium=referral&amp;utm_campaign=video&amp;utm_content=6327\" rel=\"nofollow noopener\" target=\"_blank\">Pixabay<\/a> Video by <a href=\"https:\/\/pixabay.com\/users\/westnl-12115786\/?utm_source=link-attribution&amp;utm_medium=referral&amp;utm_campaign=video&amp;utm_content=24125\" rel=\"nofollow noopener\" target=\"_blank\">Nico West<\/a> from <a href=\"https:\/\/pixabay.com\/\/?utm_source=link-attribution&amp;utm_medium=referral&amp;utm_campaign=video&amp;utm_content=24125\" rel=\"nofollow noopener\" target=\"_blank\">Pixabay<\/a> Video by <a href=\"https:\/\/pixabay.com\/users\/engin_akyurt-3656355\/?utm_source=link-attribution&amp;utm_medium=referral&amp;utm_campaign=video&amp;utm_content=122593\" rel=\"nofollow noopener\" target=\"_blank\">Engin Akyurt<\/a> from <a href=\"https:\/\/pixabay.com\/\/?utm_source=link-attribution&amp;utm_medium=referral&amp;utm_campaign=video&amp;utm_content=122593\" rel=\"nofollow noopener\" target=\"_blank\">Pixabay<\/a> Video by <a href=\"https:\/\/pixabay.com\/users\/matthias_groeneveld-4535957\/?utm_source=link-attribution&amp;utm_medium=referral&amp;utm_campaign=video&amp;utm_content=187036\" rel=\"nofollow noopener\" target=\"_blank\">Matthias Groeneveld<\/a> from <a href=\"https:\/\/pixabay.com\/\/?utm_source=link-attribution&amp;utm_medium=referral&amp;utm_campaign=video&amp;utm_content=187036\" rel=\"nofollow noopener\" target=\"_blank\">Pixabay<\/a> Video by <a href=\"https:\/\/pixabay.com\/users\/juliush-3921568\/?utm_source=link-attribution&amp;utm_medium=referral&amp;utm_campaign=video&amp;utm_content=200682\" rel=\"nofollow noopener\" target=\"_blank\">Julius H.<\/a> from <a href=\"https:\/\/pixabay.com\/\/?utm_source=link-attribution&amp;utm_medium=referral&amp;utm_campaign=video&amp;utm_content=200682\" rel=\"nofollow noopener\" target=\"_blank\">Pixabay<\/a> Video by <a href=\"https:\/\/pixabay.com\/users\/creativecommonscentral-35567788\/?utm_source=link-attribution&amp;utm_medium=referral&amp;utm_campaign=video&amp;utm_content=159678\" rel=\"nofollow noopener\" target=\"_blank\">Creative Commons Central<\/a> from <a href=\"https:\/\/pixabay.com\/\/?utm_source=link-attribution&amp;utm_medium=referral&amp;utm_campaign=video&amp;utm_content=159678\" rel=\"nofollow noopener\" target=\"_blank\">Pixabay<\/a> Video by <a href=\"https:\/\/pixabay.com\/users\/ure\u00f1afilms-22044723\/?utm_source=link-attribution&amp;utm_medium=referral&amp;utm_campaign=video&amp;utm_content=132058\" rel=\"nofollow noopener\" target=\"_blank\">Ezequiel Ure\u00f1a<\/a> from <a href=\"https:\/\/pixabay.com\/\/?utm_source=link-attribution&amp;utm_medium=referral&amp;utm_campaign=video&amp;utm_content=132058\" rel=\"nofollow noopener\" target=\"_blank\">Pixabay<\/a> <a href=\"https:\/\/www.freepik.com\/free-video\/close-up-solar-panel-huge-area_2311055#fromView=search&amp;page=1&amp;position=1&amp;uuid=87220860-ab45-4f64-a3af-6ee4e1bad04d\" rel=\"nofollow noopener\" target=\"_blank\">Video by freepik<\/a> <a href=\"https:\/\/www.freepik.com\/free-video\/solar-panels-farm-field-green-renewable-energy_1221030#fromView=search&amp;page=1&amp;position=2&amp;uuid=87220860-ab45-4f64-a3af-6ee4e1bad04d\" rel=\"nofollow noopener\" target=\"_blank\">Video by freepik<\/a> <a href=\"https:\/\/www.freepik.com\/free-video\/electricity-generation-from-solar-energy-wind-huge_2311053#fromView=search&amp;page=1&amp;position=0&amp;uuid=87220860-ab45-4f64-a3af-6ee4e1bad04d\" rel=\"nofollow noopener\" target=\"_blank\">Video by freepik<\/a> <a href=\"https:\/\/www.freepik.com\/free-video\/panoramic-view-solar-energy-farm-producing-clean_2311309#fromView=search&amp;page=1&amp;position=12&amp;uuid=fee331ea-bdc4-4bf7-a318-287fd8f0ba2d\" rel=\"nofollow noopener\" target=\"_blank\">Video by freepik<\/a> <a href=\"https:\/\/www.freepik.com\/free-video\/slow-drone-flight-modern-photovoltaic-solar-farm_1221042#fromView=search&amp;page=1&amp;position=4&amp;uuid=b5eedac1-b8c8-4af8-bdd6-3868ad90d486\" rel=\"nofollow noopener\" target=\"_blank\">Video by freepik<\/a> <a href=\"https:\/\/www.freepik.com\/free-video\/caucasian-farmer-man-texing-message-smartphone-outside_477582#fromView=search&amp;page=4&amp;position=24&amp;uuid=b5eedac1-b8c8-4af8-bdd6-3868ad90d486\" rel=\"nofollow noopener\" target=\"_blank\">Video by freepik<\/a> <a href=\"https:\/\/www.freepik.com\/free-video\/caucasian-man-plaid-shirt-using-tablet-looking-around-countryside_2491056#fromView=search&amp;page=3&amp;position=18&amp;uuid=b5eedac1-b8c8-4af8-bdd6-3868ad90d486\" rel=\"nofollow noopener\" target=\"_blank\">Video by freepik<\/a> <a href=\"https:\/\/www.freepik.com\/free-video\/close-up-farmer-wearing-shirt-black-caseball-cap-looking-sides-thiking-while-working-laptop-computer_472621#fromView=resource_detail&amp;position=0&amp;from_element=related_resources\" rel=\"nofollow noopener\" target=\"_blank\">Video by freepik<\/a> <a href=\"https:\/\/www.freepik.com\/free-video\/close-up-view-handshake-solar-plantation_479137#fromView=search&amp;page=1&amp;position=17&amp;uuid=00139852-9369-4ce8-925f-7f32319f0008\" rel=\"nofollow noopener\" target=\"_blank\">Video by freepik<\/a> B\u00fcnde: imageBROKER.com GmbH &amp; Co. KG \/ Alamy Stock Photo, Standard licences, Standard, Image ID: F2W0WP, OY96031057; <a href=\"https:\/\/www.freepik.com\/free-photo\/earth-energy-concept_8622729.htm#fromView=search&amp;page=1&amp;position=8&amp;uuid=f353afc6-51a8-45b9-95cf-a71cff024073\" target=\"_blank\" rel=\"noopener\">Image by freepik<\/a> , Image by <a href=\"https:\/\/pixabay.com\/users\/luctheo-174841\/?utm_source=link-attribution&amp;utm_medium=referral&amp;utm_campaign=image&amp;utm_content=384198\" target=\"_blank\" rel=\"noopener\">jp<\/a> from <a href=\"https:\/\/pixabay.com\/\/?utm_source=link-attribution&amp;utm_medium=referral&amp;utm_campaign=image&amp;utm_content=384198\" target=\"_blank\" rel=\"noopener\">Pixabay<\/a> <a href=\"https:\/\/de.freepik.com\/fotos-vektoren-kostenlos\/hintergrund\" target=\"_blank\" rel=\"noopener\">Background vector created by rawpixel.com - en.freepik.com<\/a>\u00a0,\u00a0 <a href=\"https:\/\/pixabay.com\/users\/dewdrop157-1559210\/?utm_source=link-attribution&amp;utm_medium=referral&amp;utm_campaign=image&amp;utm_content=2407264\" target=\"_blank\" rel=\"noopener\">dewdrop157<\/a> ,\u00a0 <a href=\"https:\/\/pixabay.com\/users\/maxmann-665103\/?utm_source=link-attribution&amp;utm_medium=referral&amp;utm_campaign=image&amp;utm_content=1055063\" target=\"_blank\" rel=\"noopener\">Th G<\/a> ,\u00a0 <a href=\"https:\/\/pixabay.com\/users\/hamonazaryan1-5589371\/?utm_source=link-attribution&amp;utm_medium=referral&amp;utm_campaign=image&amp;utm_content=2386034\" target=\"_blank\" rel=\"noopener\">hamonazaryan1<\/a> ,\u00a0<a href=\"https:\/\/pixabay.com\/users\/u_390ap8znhu-37678700\/?utm_source=link-attribution&amp;utm_medium=referral&amp;utm_campaign=image&amp;utm_content=8080878\" target=\"_blank\" rel=\"noopener\">u_390ap8znhu<\/a> , Image from <a href=\"https:\/\/pixabay.com\/de\/users\/blickpixel-52945\/?utm_source=link-attribution&amp;utm_medium=referral&amp;utm_campaign=image&amp;utm_content=503932\" target=\"_blank\" rel=\"noopener\">Michael Schwarzenberger<\/a> , Medium shot woman job resignation <a href=\"https:\/\/www.freepik.com\/free-photo\/medium-shot-woman-job-resignation_25962218.htm#fromView=search&amp;page=2&amp;position=28&amp;uuid=b77053fc-f16a-4d6f-8090-be1aefeadf25&amp;query=kiste+packen+office\" target=\"_blank\" rel=\"noopener\">Image by freepik<\/a><\/p>\t\t\t\t\t\t\t\t<\/div>\n\t\t\t\t<\/div>\n\t\t\t\t<\/div>\n\t\t\t\t\t<\/div>\n\t\t\t\t<\/div>\n\t\t\t\t<\/div>","protected":false},"excerpt":{"rendered":"<p>Angaben gem\u00e4\u00df \u00a7 5 TMG:Faber Solartechnik GmbHBachstra\u00dfe\u00a0 2132257 B\u00fcnde Vertreten durch:Hermann Kromm (GF)\u00a0\u00a0 Kontakt:Telefon. +49 (0) 5223 . 65708 00 Telefax. +49 (0) 5223 . 4926 171E-Mail. info@faber-solartechnik.de Registereintrag:Amtsgericht Bad Oeynhausen HRB 16002Finanzamt B\u00fcnde Umsatzsteuer-Identifikationsnummergem\u00e4\u00df \u00a727 a Umsatzsteuergesetz:USt.-ID &#8211; DE318838127Steuer-Nr. 310\/5724\/1550 Verantwortlich f\u00fcr den Inhalt nach \u00a7 55 Abs. 2 RStV:Hermann KrommBachstra\u00dfe\u00a0 21, 32257 B\u00fcnde [&hellip;]<\/p>\n","protected":false},"author":2,"featured_media":0,"parent":0,"menu_order":0,"comment_status":"closed","ping_status":"closed","template":"","meta":{"_acf_changed":false,"footnotes":""},"class_list":["post-114","page","type-page","status-publish","hentry"],"acf":[],"_links":{"self":[{"href":"https:\/\/faber-solartechnik.de\/en\/wp-json\/wp\/v2\/pages\/114","targetHints":{"allow":["GET"]}}],"collection":[{"href":"https:\/\/faber-solartechnik.de\/en\/wp-json\/wp\/v2\/pages"}],"about":[{"href":"https:\/\/faber-solartechnik.de\/en\/wp-json\/wp\/v2\/types\/page"}],"author":[{"embeddable":true,"href":"https:\/\/faber-solartechnik.de\/en\/wp-json\/wp\/v2\/users\/2"}],"replies":[{"embeddable":true,"href":"https:\/\/faber-solartechnik.de\/en\/wp-json\/wp\/v2\/comments?post=114"}],"version-history":[{"count":96,"href":"https:\/\/faber-solartechnik.de\/en\/wp-json\/wp\/v2\/pages\/114\/revisions"}],"predecessor-version":[{"id":11325,"href":"https:\/\/faber-solartechnik.de\/en\/wp-json\/wp\/v2\/pages\/114\/revisions\/11325"}],"wp:attachment":[{"href":"https:\/\/faber-solartechnik.de\/en\/wp-json\/wp\/v2\/media?parent=114"}],"curies":[{"name":"wp","href":"https:\/\/api.w.org\/{rel}","templated":true}]}}